{"id":1321,"date":"2022-12-14T19:09:06","date_gmt":"2022-12-14T19:09:06","guid":{"rendered":"https:\/\/butterflyeventos.com\/?page_id=1321"},"modified":"2022-12-23T07:02:51","modified_gmt":"2022-12-23T07:02:51","slug":"decoracion-de-rincones-para-eventos","status":"publish","type":"page","link":"https:\/\/butterflyeventos.com\/index.php\/decoracion-de-rincones-para-eventos\/","title":{"rendered":"Decoraci\u00f3n de Rincones"},"content":{"rendered":"<p><img decoding=\"async\" width=\"800\" height=\"600\" src=\"https:\/\/butterflyeventos.com\/wp-content\/uploads\/2022\/12\/LIMONADA-2.jpg\" alt=\"\" loading=\"lazy\" srcset=\"https:\/\/butterflyeventos.com\/wp-content\/uploads\/2022\/12\/LIMONADA-2.jpg 1024w, https:\/\/butterflyeventos.com\/wp-content\/uploads\/2022\/12\/LIMONADA-2-300x225.jpg 300w, https:\/\/butterflyeventos.com\/wp-content\/uploads\/2022\/12\/LIMONADA-2-768x576.jpg 768w, https:\/\/butterflyeventos.com\/wp-content\/uploads\/2022\/12\/LIMONADA-2-600x450.jpg 600w\" sizes=\"(max-width: 800px) 100vw, 800px\"><br \/>\n<img decoding=\"async\" width=\"800\" height=\"600\" src=\"https:\/\/butterflyeventos.com\/wp-content\/uploads\/2022\/12\/CANDY-BAR.jpg\" alt=\"\" loading=\"lazy\" srcset=\"https:\/\/butterflyeventos.com\/wp-content\/uploads\/2022\/12\/CANDY-BAR.jpg 1024w, https:\/\/butterflyeventos.com\/wp-content\/uploads\/2022\/12\/CANDY-BAR-300x225.jpg 300w, https:\/\/butterflyeventos.com\/wp-content\/uploads\/2022\/12\/CANDY-BAR-768x576.jpg 768w, https:\/\/butterflyeventos.com\/wp-content\/uploads\/2022\/12\/CANDY-BAR-600x450.jpg 600w\" sizes=\"(max-width: 800px) 100vw, 800px\"><br \/>\n<img decoding=\"async\" width=\"800\" height=\"600\" src=\"https:\/\/butterflyeventos.com\/wp-content\/uploads\/2022\/12\/SITTING-PLAN.jpg\" alt=\"\" loading=\"lazy\" srcset=\"https:\/\/butterflyeventos.com\/wp-content\/uploads\/2022\/12\/SITTING-PLAN.jpg 1024w, https:\/\/butterflyeventos.com\/wp-content\/uploads\/2022\/12\/SITTING-PLAN-300x225.jpg 300w, https:\/\/butterflyeventos.com\/wp-content\/uploads\/2022\/12\/SITTING-PLAN-768x576.jpg 768w, https:\/\/butterflyeventos.com\/wp-content\/uploads\/2022\/12\/SITTING-PLAN-600x450.jpg 600w\" sizes=\"(max-width: 800px) 100vw, 800px\"><br \/>\n<img decoding=\"async\" width=\"768\" height=\"1024\" src=\"https:\/\/butterflyeventos.com\/wp-content\/uploads\/2022\/12\/RINCON-ARROZ-1.jpg\" alt=\"\" loading=\"lazy\" srcset=\"https:\/\/butterflyeventos.com\/wp-content\/uploads\/2022\/12\/RINCON-ARROZ-1.jpg 768w, https:\/\/butterflyeventos.com\/wp-content\/uploads\/2022\/12\/RINCON-ARROZ-1-225x300.jpg 225w, https:\/\/butterflyeventos.com\/wp-content\/uploads\/2022\/12\/RINCON-ARROZ-1-600x800.jpg 600w\" sizes=\"(max-width: 768px) 100vw, 768px\"><\/p>\n<h2>Decoramos los rincones m\u00e1s especiales para tu evento.&nbsp;<\/h2>\n<ul>\n<li>Candy Bar.&nbsp;<\/li>\n<li>Mesa de la limonada.&nbsp;<\/li>\n<li>Seating plan.<\/li>\n<li>Rinc\u00f3n del Arroz.<\/li>\n<li>Cons\u00faltanos qu\u00e9 rinc\u00f3n necesitas decorar y nosotros te ayudaremos a hacerlo Realidad.&nbsp;<\/li>\n<\/ul>\n","protected":false},"excerpt":{"rendered":"<p>Decoramos los rincones m\u00e1s especiales para tu evento.&nbsp; Candy Bar.&nbsp; Mesa de la limonada.&nbsp; Seating plan. Rinc\u00f3n del Arroz. Cons\u00faltanos qu\u00e9 rinc\u00f3n necesitas decorar y nosotros te ayudaremos a hacerlo &#8230;<\/p>\n","protected":false},"author":1,"featured_media":0,"parent":0,"menu_order":0,"comment_status":"closed","ping_status":"closed","template":"","meta":{"om_disable_all_campaigns":false,"_monsterinsights_skip_tracking":false,"_monsterinsights_sitenote_active":false,"_monsterinsights_sitenote_note":"","_monsterinsights_sitenote_category":0},"aioseo_notices":[],"yoast_head":"<!-- This site is optimized with the Yoast SEO plugin v19.11 - https:\/\/yoast.com\/wordpress\/plugins\/seo\/ -->\n<title>Decoraci\u00f3n de Rincones - ButterflyEventos<\/title>\n<meta name=\"robots\" content=\"index, follow, max-snippet:-1, max-image-preview:large, max-video-preview:-1\" \/>\n<link rel=\"canonical\" href=\"https:\/\/butterflyeventos.com\/index.php\/decoracion-de-rincones-para-eventos\/\" \/>\n<meta property=\"og:locale\" content=\"es_ES\" \/>\n<meta property=\"og:type\" content=\"article\" \/>\n<meta property=\"og:title\" content=\"Decoraci\u00f3n de Rincones - ButterflyEventos\" \/>\n<meta property=\"og:description\" content=\"Decoramos los rincones m\u00e1s especiales para tu evento.&nbsp; Candy Bar.&nbsp; Mesa de la limonada.&nbsp; Seating plan. Rinc\u00f3n del Arroz. Cons\u00faltanos qu\u00e9 rinc\u00f3n necesitas decorar y nosotros te ayudaremos a hacerlo ...\" \/>\n<meta property=\"og:url\" content=\"https:\/\/butterflyeventos.com\/index.php\/decoracion-de-rincones-para-eventos\/\" \/>\n<meta property=\"og:site_name\" content=\"ButterflyEventos\" \/>\n<meta property=\"article:modified_time\" content=\"2022-12-23T07:02:51+00:00\" \/>\n<meta property=\"og:image\" content=\"https:\/\/butterflyeventos.com\/wp-content\/uploads\/2022\/12\/LIMONADA-2.jpg\" \/>\n<meta name=\"twitter:card\" content=\"summary_large_image\" \/>\n<meta name=\"twitter:label1\" content=\"Tiempo de lectura\" \/>\n\t<meta name=\"twitter:data1\" content=\"1 minuto\" \/>\n<script type=\"application\/ld+json\" class=\"yoast-schema-graph\">{\"@context\":\"https:\/\/schema.org\",\"@graph\":[{\"@type\":\"WebPage\",\"@id\":\"https:\/\/butterflyeventos.com\/index.php\/decoracion-de-rincones-para-eventos\/\",\"url\":\"https:\/\/butterflyeventos.com\/index.php\/decoracion-de-rincones-para-eventos\/\",\"name\":\"Decoraci\u00f3n de Rincones - ButterflyEventos\",\"isPartOf\":{\"@id\":\"https:\/\/butterflyeventos.com\/#website\"},\"datePublished\":\"2022-12-14T19:09:06+00:00\",\"dateModified\":\"2022-12-23T07:02:51+00:00\",\"breadcrumb\":{\"@id\":\"https:\/\/butterflyeventos.com\/index.php\/decoracion-de-rincones-para-eventos\/#breadcrumb\"},\"inLanguage\":\"es\",\"potentialAction\":[{\"@type\":\"ReadAction\",\"target\":[\"https:\/\/butterflyeventos.com\/index.php\/decoracion-de-rincones-para-eventos\/\"]}]},{\"@type\":\"BreadcrumbList\",\"@id\":\"https:\/\/butterflyeventos.com\/index.php\/decoracion-de-rincones-para-eventos\/#breadcrumb\",\"itemListElement\":[{\"@type\":\"ListItem\",\"position\":1,\"name\":\"Portada\",\"item\":\"https:\/\/butterflyeventos.com\/\"},{\"@type\":\"ListItem\",\"position\":2,\"name\":\"Decoraci\u00f3n de Rincones\"}]},{\"@type\":\"WebSite\",\"@id\":\"https:\/\/butterflyeventos.com\/#website\",\"url\":\"https:\/\/butterflyeventos.com\/\",\"name\":\"ButterflyEventos\",\"description\":\"Somos tu empresa para eventos, creamos tu evento, personalizamos tus regalos, realizamos tus animaciones infantiles.\",\"potentialAction\":[{\"@type\":\"SearchAction\",\"target\":{\"@type\":\"EntryPoint\",\"urlTemplate\":\"https:\/\/butterflyeventos.com\/?s={search_term_string}\"},\"query-input\":\"required name=search_term_string\"}],\"inLanguage\":\"es\"}]}<\/script>\n<!-- \/ Yoast SEO plugin. -->","yoast_head_json":{"title":"Decoraci\u00f3n de Rincones - ButterflyEventos","robots":{"index":"index","follow":"follow","max-snippet":"max-snippet:-1","max-image-preview":"max-image-preview:large","max-video-preview":"max-video-preview:-1"},"canonical":"https:\/\/butterflyeventos.com\/index.php\/decoracion-de-rincones-para-eventos\/","og_locale":"es_ES","og_type":"article","og_title":"Decoraci\u00f3n de Rincones - ButterflyEventos","og_description":"Decoramos los rincones m\u00e1s especiales para tu evento.&nbsp; Candy Bar.&nbsp; Mesa de la limonada.&nbsp; Seating plan. Rinc\u00f3n del Arroz. Cons\u00faltanos qu\u00e9 rinc\u00f3n necesitas decorar y nosotros te ayudaremos a hacerlo ...","og_url":"https:\/\/butterflyeventos.com\/index.php\/decoracion-de-rincones-para-eventos\/","og_site_name":"ButterflyEventos","article_modified_time":"2022-12-23T07:02:51+00:00","og_image":[{"url":"https:\/\/butterflyeventos.com\/wp-content\/uploads\/2022\/12\/LIMONADA-2.jpg"}],"twitter_card":"summary_large_image","twitter_misc":{"Tiempo de lectura":"1 minuto"},"schema":{"@context":"https:\/\/schema.org","@graph":[{"@type":"WebPage","@id":"https:\/\/butterflyeventos.com\/index.php\/decoracion-de-rincones-para-eventos\/","url":"https:\/\/butterflyeventos.com\/index.php\/decoracion-de-rincones-para-eventos\/","name":"Decoraci\u00f3n de Rincones - ButterflyEventos","isPartOf":{"@id":"https:\/\/butterflyeventos.com\/#website"},"datePublished":"2022-12-14T19:09:06+00:00","dateModified":"2022-12-23T07:02:51+00:00","breadcrumb":{"@id":"https:\/\/butterflyeventos.com\/index.php\/decoracion-de-rincones-para-eventos\/#breadcrumb"},"inLanguage":"es","potentialAction":[{"@type":"ReadAction","target":["https:\/\/butterflyeventos.com\/index.php\/decoracion-de-rincones-para-eventos\/"]}]},{"@type":"BreadcrumbList","@id":"https:\/\/butterflyeventos.com\/index.php\/decoracion-de-rincones-para-eventos\/#breadcrumb","itemListElement":[{"@type":"ListItem","position":1,"name":"Portada","item":"https:\/\/butterflyeventos.com\/"},{"@type":"ListItem","position":2,"name":"Decoraci\u00f3n de Rincones"}]},{"@type":"WebSite","@id":"https:\/\/butterflyeventos.com\/#website","url":"https:\/\/butterflyeventos.com\/","name":"ButterflyEventos","description":"Somos tu empresa para eventos, creamos tu evento, personalizamos tus regalos, realizamos tus animaciones infantiles.","potentialAction":[{"@type":"SearchAction","target":{"@type":"EntryPoint","urlTemplate":"https:\/\/butterflyeventos.com\/?s={search_term_string}"},"query-input":"required name=search_term_string"}],"inLanguage":"es"}]}},"_links":{"self":[{"href":"https:\/\/butterflyeventos.com\/index.php\/wp-json\/wp\/v2\/pages\/1321"}],"collection":[{"href":"https:\/\/butterflyeventos.com\/index.php\/wp-json\/wp\/v2\/pages"}],"about":[{"href":"https:\/\/butterflyeventos.com\/index.php\/wp-json\/wp\/v2\/types\/page"}],"author":[{"embeddable":true,"href":"https:\/\/butterflyeventos.com\/index.php\/wp-json\/wp\/v2\/users\/1"}],"replies":[{"embeddable":true,"href":"https:\/\/butterflyeventos.com\/index.php\/wp-json\/wp\/v2\/comments?post=1321"}],"version-history":[{"count":19,"href":"https:\/\/butterflyeventos.com\/index.php\/wp-json\/wp\/v2\/pages\/1321\/revisions"}],"predecessor-version":[{"id":1476,"href":"https:\/\/butterflyeventos.com\/index.php\/wp-json\/wp\/v2\/pages\/1321\/revisions\/1476"}],"wp:attachment":[{"href":"https:\/\/butterflyeventos.com\/index.php\/wp-json\/wp\/v2\/media?parent=1321"}],"curies":[{"name":"wp","href":"https:\/\/api.w.org\/{rel}","templated":true}]}}